{"id":5382,"date":"2024-12-31T10:26:47","date_gmt":"2024-12-31T09:26:47","guid":{"rendered":"https:\/\/www.fosfory.pl\/?page_id=5382"},"modified":"2025-01-10T13:22:29","modified_gmt":"2025-01-10T12:22:29","slug":"zadanie-dofinansowane-z-wfosigw","status":"publish","type":"page","link":"https:\/\/www.fosfory.pl\/uk\/zadanie-dofinansowane-z-wfosigw\/","title":{"rendered":"\u0417\u0430\u0432\u0434\u0430\u043d\u043d\u044f \u0441\u043f\u0456\u0432\u0444\u0456\u043d\u0430\u043d\u0441\u0443\u0454 \u0412\u043e\u0454\u0432\u043e\u0434\u0441\u044c\u043a\u0438\u0439 \u0444\u043e\u043d\u0434 \u043e\u0445\u043e\u0440\u043e\u043d\u0438 \u043d\u0430\u0432\u043a\u043e\u043b\u0438\u0448\u043d\u044c\u043e\u0433\u043e \u0441\u0435\u0440\u0435\u0434\u043e\u0432\u0438\u0449\u0430 \u0442\u0430 \u0432\u043e\u0434\u043d\u043e\u0433\u043e \u0433\u043e\u0441\u043f\u043e\u0434\u0430\u0440\u0441\u0442\u0432\u0430"},"content":{"rendered":"<div data-elementor-type=\"wp-page\" data-elementor-id=\"5382\" class=\"elementor elementor-5382\" data-elementor-post-type=\"page\">\n\t\t\t\t\t\t<section class=\"elementor-section elementor-top-section elementor-element elementor-element-e166a8d elementor-section-height-min-height elementor-section-items-bottom elementor-section-content-bottom elementor-section-boxed elementor-section-height-default\" data-id=\"e166a8d\" data-element_type=\"section\" data-e-type=\"section\" data-settings=\"{&quot;jet_parallax_layout_list&quot;:[],&quot;background_background&quot;:&quot;classic&quot;}\">\n\t\t\t\t\t\t\t<div class=\"elementor-background-overlay\"><\/div>\n\t\t\t\t\t\t\t<div class=\"elementor-container elementor-column-gap-default\">\n\t\t\t\t\t<div class=\"elementor-column elementor-col-100 elementor-top-column elementor-element elementor-element-a15e1d7\" data-id=\"a15e1d7\" data-element_type=\"column\" data-e-type=\"column\">\n\t\t\t<div class=\"elementor-widget-wrap elementor-element-populated\">\n\t\t\t\t\t\t<section class=\"elementor-section elementor-inner-section elementor-element elementor-element-97e6969 elementor-section-boxed elementor-section-height-default elementor-section-height-default\" data-id=\"97e6969\" data-element_type=\"section\" data-e-type=\"section\" data-settings=\"{&quot;jet_parallax_layout_list&quot;:[]}\">\n\t\t\t\t\t\t<div class=\"elementor-container elementor-column-gap-default\">\n\t\t\t\t\t<div class=\"elementor-column elementor-col-50 elementor-inner-column elementor-element elementor-element-229e7ab\" data-id=\"229e7ab\" data-element_type=\"column\" data-e-type=\"column\">\n\t\t\t<div class=\"elementor-widget-wrap elementor-element-populated\">\n\t\t\t\t\t\t<div class=\"elementor-element elementor-element-a506424 elementor-widget elementor-widget-heading\" data-id=\"a506424\" data-element_type=\"widget\" data-e-type=\"widget\" data-widget_type=\"heading.default\">\n\t\t\t\t<div class=\"elementor-widget-container\">\n\t\t\t\t\t<h2 class=\"elementor-heading-title elementor-size-default\"><br>\u0421\u043f\u0456\u0432\u0444\u0456\u043d\u0430\u043d\u0441\u0443\u0432\u0430\u043d\u043d\u044f \u0437 \u0440\u0435\u0441\u0443\u0440\u0441\u0456\u0432 \u0412\u043e\u0454\u0432\u043e\u0434\u0441\u044c\u043a\u043e\u0433\u043e \u0444\u043e\u043d\u0434\u0443 \u043e\u0445\u043e\u0440\u043e\u043d\u0438 \u043d\u0430\u0432\u043a\u043e\u043b\u0438\u0448\u043d\u044c\u043e\u0433\u043e \u0441\u0435\u0440\u0435\u0434\u043e\u0432\u0438\u0449\u0430 \u0442\u0430 \u0432\u043e\u0434\u043d\u043e\u0433\u043e \u0433\u043e\u0441\u043f\u043e\u0434\u0430\u0440\u0441\u0442\u0432\u0430 \u0432 \u0413\u0434\u0430\u043d\u0441\u044c\u043a\u0443<\/h2>\t\t\t\t<\/div>\n\t\t\t\t<\/div>\n\t\t\t\t\t<\/div>\n\t\t<\/div>\n\t\t\t\t<div class=\"elementor-column elementor-col-50 elementor-inner-column elementor-element elementor-element-0ac1fc7\" data-id=\"0ac1fc7\" data-element_type=\"column\" data-e-type=\"column\">\n\t\t\t<div class=\"elementor-widget-wrap elementor-element-populated\">\n\t\t\t\t\t\t<section class=\"elementor-section elementor-inner-section elementor-element elementor-element-931d035 elementor-section-boxed elementor-section-height-default elementor-section-height-default\" data-id=\"931d035\" data-element_type=\"section\" data-e-type=\"section\" data-settings=\"{&quot;jet_parallax_layout_list&quot;:[]}\">\n\t\t\t\t\t\t<div class=\"elementor-container elementor-column-gap-default\">\n\t\t\t\t\t<div class=\"elementor-column elementor-col-50 elementor-inner-column elementor-element elementor-element-7fa6455\" data-id=\"7fa6455\" data-element_type=\"column\" data-e-type=\"column\">\n\t\t\t<div class=\"elementor-widget-wrap\">\n\t\t\t\t\t\t\t<\/div>\n\t\t<\/div>\n\t\t\t\t<div class=\"elementor-column elementor-col-50 elementor-inner-column elementor-element elementor-element-8a5113a\" data-id=\"8a5113a\" data-element_type=\"column\" data-e-type=\"column\">\n\t\t\t<div class=\"elementor-widget-wrap\">\n\t\t\t\t\t\t\t<\/div>\n\t\t<\/div>\n\t\t\t\t\t<\/div>\n\t\t<\/section>\n\t\t\t\t\t<\/div>\n\t\t<\/div>\n\t\t\t\t\t<\/div>\n\t\t<\/section>\n\t\t\t\t\t<\/div>\n\t\t<\/div>\n\t\t\t\t\t<\/div>\n\t\t<\/section>\n\t\t\t\t<section class=\"elementor-section elementor-top-section elementor-element elementor-element-e3bc3aa elementor-section-boxed elementor-section-height-default elementor-section-height-default\" data-id=\"e3bc3aa\" data-element_type=\"section\" data-e-type=\"section\" data-settings=\"{&quot;jet_parallax_layout_list&quot;:[]}\">\n\t\t\t\t\t\t<div class=\"elementor-container elementor-column-gap-default\">\n\t\t\t\t\t<div class=\"elementor-column elementor-col-100 elementor-top-column elementor-element elementor-element-9df75c2\" data-id=\"9df75c2\" data-element_type=\"column\" data-e-type=\"column\">\n\t\t\t<div class=\"elementor-widget-wrap elementor-element-populated\">\n\t\t\t\t\t\t\t<\/div>\n\t\t<\/div>\n\t\t\t\t\t<\/div>\n\t\t<\/section>\n\t\t\t\t<section class=\"elementor-section elementor-top-section elementor-element elementor-element-988a50e elementor-section-boxed elementor-section-height-default elementor-section-height-default\" data-id=\"988a50e\" data-element_type=\"section\" data-e-type=\"section\" data-settings=\"{&quot;jet_parallax_layout_list&quot;:[],&quot;background_background&quot;:&quot;classic&quot;}\">\n\t\t\t\t\t\t\t<div class=\"elementor-background-overlay\"><\/div>\n\t\t\t\t\t\t\t<div class=\"elementor-container elementor-column-gap-default\">\n\t\t\t\t\t<div class=\"elementor-column elementor-col-100 elementor-top-column elementor-element elementor-element-9588b58\" data-id=\"9588b58\" data-element_type=\"column\" data-e-type=\"column\">\n\t\t\t<div class=\"elementor-widget-wrap elementor-element-populated\">\n\t\t\t\t\t\t<section class=\"elementor-section elementor-inner-section elementor-element elementor-element-793821d elementor-section-boxed elementor-section-height-default elementor-section-height-default\" data-id=\"793821d\" data-element_type=\"section\" data-e-type=\"section\" data-settings=\"{&quot;jet_parallax_layout_list&quot;:[]}\">\n\t\t\t\t\t\t<div class=\"elementor-container elementor-column-gap-default\">\n\t\t\t\t\t<div class=\"elementor-column elementor-col-50 elementor-inner-column elementor-element elementor-element-6cd26d1\" data-id=\"6cd26d1\" data-element_type=\"column\" data-e-type=\"column\">\n\t\t\t<div class=\"elementor-widget-wrap elementor-element-populated\">\n\t\t\t\t\t\t<div class=\"elementor-element elementor-element-04e5989 elementor-widget__width-initial elementor-widget elementor-widget-text-editor\" data-id=\"04e5989\" data-element_type=\"widget\" data-e-type=\"widget\" data-widget_type=\"text-editor.default\">\n\t\t\t\t<div class=\"elementor-widget-container\">\n\t\t\t\t\t\t\t\t\t<p>\u041f\u0440\u043e\u0435\u043a\u0442 \u0441\u043f\u0456\u0432\u0444\u0456\u043d\u0430\u043d\u0441\u0443\u0454\u0442\u044c\u0441\u044f \u0420\u0435\u0433\u0456\u043e\u043d\u0430\u043b\u044c\u043d\u0438\u043c \u0444\u043e\u043d\u0434\u043e\u043c \u043e\u0445\u043e\u0440\u043e\u043d\u0438 \u043d\u0430\u0432\u043a\u043e\u043b\u0438\u0448\u043d\u044c\u043e\u0433\u043e \u0441\u0435\u0440\u0435\u0434\u043e\u0432\u0438\u0449\u0430 \u0442\u0430 \u0432\u043e\u0434\u043d\u043e\u0433\u043e \u0433\u043e\u0441\u043f\u043e\u0434\u0430\u0440\u0441\u0442\u0432\u0430 \u0432 \u0413\u0434\u0430\u043d\u0441\u044c\u043a\u0443.\u00a0\u00a0<a href=\"https:\/\/wfos.gdansk.pl\/\">https:\/\/wfos.gdansk.pl\/<\/a><\/p><p><b>\u041d\u0430\u0437\u0432\u0430 \u0437\u0430\u0432\u0434\u0430\u043d\u043d\u044f<\/b>: \u0417\u0430\u043c\u0456\u043d\u0430 \u043f\u0430\u043b\u0438\u0432\u0430 \u0437 \u043c\u0430\u0437\u0443\u0442\u0443 \u043d\u0430 \u043f\u0440\u0438\u0440\u043e\u0434\u043d\u0438\u0439 \u0433\u0430\u0437 \u0443 \u0432\u0456\u0434\u0434\u0456\u043b\u0456 \u0432\u0438\u0440\u043e\u0431\u043d\u0438\u0446\u0442\u0432\u0430 \u0434\u043e\u0431\u0440\u0438\u0432 \u0443 Grupa Azoty Zak\u0142ady Fosforowe Gda\u0144sk Sp. z o. \u0432 \u0413\u0434\u0430\u043d\u0441\u044c\u043a\u0443<br \/><b>\u041f\u0440\u0438\u0439\u043d\u044f\u0442\u043d\u0430 \u0432\u0430\u0440\u0442\u0456\u0441\u0442\u044c \u0437\u0430\u0432\u0434\u0430\u043d\u043d\u044f (\u0443 \u0437\u043b\u043e\u0442\u0438\u0445)<\/b>: 9.887.568,00<br \/><b>\u0421\u0443\u043c\u0430 \u0442\u0430 \u0444\u043e\u0440\u043c\u0430 \u0441\u043f\u0456\u0432\u0444\u0456\u043d\u0430\u043d\u0441\u0443\u0432\u0430\u043d\u043d\u044f \u0437 \u043a\u043e\u0448\u0442\u0456\u0432 \u0420\u0435\u0433\u0456\u043e\u043d\u0430\u043b\u044c\u043d\u043e\u0433\u043e \u0444\u043e\u043d\u0434\u0443 \u043e\u0445\u043e\u0440\u043e\u043d\u0438 \u043d\u0430\u0432\u043a\u043e\u043b\u0438\u0448\u043d\u044c\u043e\u0433\u043e \u0441\u0435\u0440\u0435\u0434\u043e\u0432\u0438\u0449\u0430 \u0442\u0430 \u0432\u043e\u0434\u043d\u043e\u0433\u043e \u0433\u043e\u0441\u043f\u043e\u0434\u0430\u0440\u0441\u0442\u0432\u0430 \u0432 \u0413\u0434\u0430\u043d\u0441\u044c\u043a\u0443 (\u0443 \u0437\u043b\u043e\u0442\u0438\u0445<\/b>): \u043a\u0440\u0435\u0434\u0438\u0442, 7 910 054,40<\/p><p>\u0420\u0435\u0430\u043b\u0456\u0437\u0430\u0446\u0456\u044e \u0437\u0430\u0432\u0434\u0430\u043d\u043d\u044f, \u044f\u043a\u0435 \u0441\u043f\u0456\u0432\u0444\u0456\u043d\u0430\u043d\u0441\u0443\u0454 \u0412\u043e\u0454\u0432\u043e\u0434\u0441\u044c\u043a\u0438\u0439 \u0444\u043e\u043d\u0434 \u043e\u0445\u043e\u0440\u043e\u043d\u0438 \u043d\u0430\u0432\u043a\u043e\u043b\u0438\u0448\u043d\u044c\u043e\u0433\u043e \u0441\u0435\u0440\u0435\u0434\u043e\u0432\u0438\u0449\u0430 \u0442\u0430 \u0432\u043e\u0434\u043d\u043e\u0433\u043e \u0433\u043e\u0441\u043f\u043e\u0434\u0430\u0440\u0441\u0442\u0432\u0430 \u0432 \u0413\u0434\u0430\u043d\u0441\u044c\u043a\u0443, \u0437\u0430\u0432\u0435\u0440\u0448\u0435\u043d\u043e,\u00a0<span style=\"font-size: 14px; color: var( --e-global-color-text );\">\u043c\u043e\u0434\u0435\u0440\u043d\u0456\u0437\u0430\u0446\u0456\u044f \u0442\u043e\u043f\u043a\u043e\u0432\u0438\u0445 \u0432\u0443\u0437\u043b\u0456\u0432 \u0446\u0435\u0445\u0443 \u0432\u0438\u0440\u043e\u0431\u043d\u0438\u0446\u0442\u0432\u0430 \u0434\u043e\u0431\u0440\u0438\u0432.\u00a0<\/span><\/p><p>\u041a\u0456\u043d\u0435\u0446\u044c 2024 \u0440\u043e\u043a\u0443 \u0437\u0430\u0432\u0435\u0440\u0448\u0438\u0432\u0441\u044f \u0430\u043a\u0446\u0435\u043d\u0442\u043e\u043c \u043d\u0430 \u0437\u043c\u0435\u043d\u0448\u0435\u043d\u043d\u0456 \u0432\u0438\u043a\u0438\u0434\u0456\u0432 \u0432\u0443\u0433\u043b\u0435\u043a\u0438\u0441\u043b\u043e\u0433\u043e \u0433\u0430\u0437\u0443 \u043a\u043e\u043c\u043f\u0430\u043d\u0456\u0457 \u0442\u0430 \u043f\u0456\u0434\u0432\u0438\u0449\u0435\u043d\u043d\u0456 \u0431\u0435\u0437\u043f\u0435\u043a\u0438 \u0432\u0438\u0440\u043e\u0431\u043d\u0438\u0446\u0442\u0432\u0430.<\/p><p>\u0406\u043d\u0432\u0435\u0441\u0442\u0438\u0446\u0456\u044f \u043f\u043e\u043b\u044f\u0433\u0430\u043b\u0430 \u0432 \u0430\u0434\u0430\u043f\u0442\u0430\u0446\u0456\u0457 \u0443\u0441\u0442\u0430\u043d\u043e\u0432\u043a\u0438 \u0434\u043e \u0437\u0430\u043c\u0456\u043d\u0435\u043d\u043e\u0457 \u0435\u043d\u0435\u0440\u0433\u0435\u0442\u0438\u0447\u043d\u043e\u0457 \u0441\u0438\u0440\u043e\u0432\u0438\u043d\u0438, \u0449\u043e \u0432\u0438\u043a\u043e\u0440\u0438\u0441\u0442\u043e\u0432\u0443\u0454\u0442\u044c\u0441\u044f \u0434\u043b\u044f \u0441\u0443\u0448\u0456\u043d\u043d\u044f \u043c\u0456\u043d\u0435\u0440\u0430\u043b\u044c\u043d\u0438\u0445 \u0434\u043e\u0431\u0440\u0438\u0432.<br \/>\u041f\u0435\u0440\u0435\u0445\u0456\u0434 \u0432\u0456\u0434 \u043c\u0430\u0437\u0443\u0442\u0443 \u0434\u043e \u043f\u0440\u0438\u0440\u043e\u0434\u043d\u043e\u0433\u043e \u0433\u0430\u0437\u0443 \u0437\u043c\u0435\u043d\u0448\u0438\u0432 \u0441\u043f\u043e\u0436\u0438\u0432\u0430\u043d\u043d\u044f<br \/>\u0441\u0442\u0438\u0441\u043d\u0435\u043d\u0435 \u043f\u043e\u0432\u0456\u0442\u0440\u044f \u0456 \u0442\u0435\u0445\u043d\u043e\u043b\u043e\u0433\u0456\u0447\u043d\u0430 \u043f\u0430\u0440\u0430 \u0432 \u043f\u0440\u043e\u0446\u0435\u0441\u0456 \u0432\u0438\u0440\u043e\u0431\u043d\u0438\u0446\u0442\u0432\u0430 \u0434\u043e\u0431\u0440\u0438\u0432<br \/>\u043c\u0456\u043d\u0435\u0440\u0430\u043b.<\/p><p>\u041c\u0438 \u0445\u043e\u0447\u0435\u043c\u043e \u043f\u043e\u0434\u044f\u043a\u0443\u0432\u0430\u0442\u0438 \u0432\u0441\u0456\u043c, \u0445\u0442\u043e \u043f\u0440\u0438\u0447\u0435\u0442\u043d\u0438\u0439 \u0434\u043e \u043f\u0440\u043e\u0435\u043a\u0442\u0443. \u0426\u0435<br \/>\u0437\u0430\u0432\u0434\u044f\u043a\u0438 \u043a\u043e\u043c\u043f\u0435\u0442\u0435\u043d\u0442\u043d\u043e\u0441\u0442\u0456, \u043d\u0430\u043f\u043e\u043b\u0435\u0433\u043b\u0438\u0432\u043e\u0441\u0442\u0456 \u0442\u0430 \u0442\u0435\u0440\u043f\u0456\u043d\u043d\u044e \u043d\u0430\u043c \u0432\u0434\u0430\u043b\u043e\u0441\u044f \u0437\u0430\u043a\u0440\u0438\u0442\u0438 \u0432\u0430\u0436\u043b\u0438\u0432\u0443<br \/>\u043f\u0440\u043e\u0435\u043a\u0442 \u043a\u043e\u043c\u043f\u0430\u043d\u0456\u0457.\u00a0<\/p>\t\t\t\t\t\t\t\t<\/div>\n\t\t\t\t<\/div>\n\t\t\t\t\t<\/div>\n\t\t<\/div>\n\t\t\t\t<div class=\"elementor-column elementor-col-50 elementor-inner-column elementor-element elementor-element-2ec91f9\" data-id=\"2ec91f9\" data-element_type=\"column\" data-e-type=\"column\">\n\t\t\t<div class=\"elementor-widget-wrap\">\n\t\t\t\t\t\t\t<\/div>\n\t\t<\/div>\n\t\t\t\t\t<\/div>\n\t\t<\/section>\n\t\t\t\t\t<\/div>\n\t\t<\/div>\n\t\t\t\t\t<\/div>\n\t\t<\/section>\n\t\t\t\t<section class=\"elementor-section elementor-top-section elementor-element elementor-element-e6db848 elementor-section-boxed elementor-section-height-default elementor-section-height-default\" data-id=\"e6db848\" data-element_type=\"section\" data-e-type=\"section\" data-settings=\"{&quot;jet_parallax_layout_list&quot;:[],&quot;background_background&quot;:&quot;classic&quot;}\">\n\t\t\t\t\t\t\t<div class=\"elementor-background-overlay\"><\/div>\n\t\t\t\t\t\t\t<div class=\"elementor-container elementor-column-gap-default\">\n\t\t\t\t\t<div class=\"elementor-column elementor-col-50 elementor-top-column elementor-element elementor-element-7d7046c\" data-id=\"7d7046c\" data-element_type=\"column\" data-e-type=\"column\">\n\t\t\t<div class=\"elementor-widget-wrap elementor-element-populated\">\n\t\t\t\t\t\t<div class=\"elementor-element elementor-element-c8ff333 elementor-widget elementor-widget-image\" data-id=\"c8ff333\" data-element_type=\"widget\" data-e-type=\"widget\" data-widget_type=\"image.default\">\n\t\t\t\t<div class=\"elementor-widget-container\">\n\t\t\t\t\t\t\t\t\t\t\t\t\t\t\t<img fetchpriority=\"high\" decoding=\"async\" width=\"768\" height=\"427\" src=\"https:\/\/www.fosfory.pl\/wp-content\/uploads\/2024\/12\/logotyp-WFOS-768x427.jpg\" class=\"attachment-medium_large size-medium_large wp-image-5400\" alt=\"\" srcset=\"https:\/\/www.fosfory.pl\/wp-content\/uploads\/2024\/12\/logotyp-WFOS-768x427.jpg 768w, https:\/\/www.fosfory.pl\/wp-content\/uploads\/2024\/12\/logotyp-WFOS-350x195.jpg 350w, https:\/\/www.fosfory.pl\/wp-content\/uploads\/2024\/12\/logotyp-WFOS-1200x667.jpg 1200w, https:\/\/www.fosfory.pl\/wp-content\/uploads\/2024\/12\/logotyp-WFOS-1536x854.jpg 1536w, https:\/\/www.fosfory.pl\/wp-content\/uploads\/2024\/12\/logotyp-WFOS-2048x1139.jpg 2048w, https:\/\/www.fosfory.pl\/wp-content\/uploads\/2024\/12\/logotyp-WFOS-18x10.jpg 18w\" sizes=\"(max-width: 768px) 100vw, 768px\" \/>\t\t\t\t\t\t\t\t\t\t\t\t\t\t\t<\/div>\n\t\t\t\t<\/div>\n\t\t\t\t\t<\/div>\n\t\t<\/div>\n\t\t\t\t<div class=\"elementor-column elementor-col-50 elementor-top-column elementor-element elementor-element-bf4d20a\" data-id=\"bf4d20a\" data-element_type=\"column\" data-e-type=\"column\">\n\t\t\t<div class=\"elementor-widget-wrap elementor-element-populated\">\n\t\t\t\t\t\t<div class=\"elementor-element elementor-element-c35c0ad elementor-widget elementor-widget-image\" data-id=\"c35c0ad\" data-element_type=\"widget\" data-e-type=\"widget\" data-widget_type=\"image.default\">\n\t\t\t\t<div class=\"elementor-widget-container\">\n\t\t\t\t\t\t\t\t\t\t\t\t\t\t\t\t<a href=\"https:\/\/www.facebook.com\/GrupaAzotyFosfory\/videos\/638289178559274\">\n\t\t\t\t\t\t\t<img decoding=\"async\" width=\"1200\" height=\"911\" src=\"https:\/\/www.fosfory.pl\/wp-content\/uploads\/2024\/12\/modernizacja-komor-spalania-1200x911.jpg\" class=\"attachment-large size-large wp-image-5411\" alt=\"\" srcset=\"https:\/\/www.fosfory.pl\/wp-content\/uploads\/2024\/12\/modernizacja-komor-spalania-1200x911.jpg 1200w, https:\/\/www.fosfory.pl\/wp-content\/uploads\/2024\/12\/modernizacja-komor-spalania-350x266.jpg 350w, https:\/\/www.fosfory.pl\/wp-content\/uploads\/2024\/12\/modernizacja-komor-spalania-768x583.jpg 768w, https:\/\/www.fosfory.pl\/wp-content\/uploads\/2024\/12\/modernizacja-komor-spalania-1536x1166.jpg 1536w, https:\/\/www.fosfory.pl\/wp-content\/uploads\/2024\/12\/modernizacja-komor-spalania-2048x1555.jpg 2048w, https:\/\/www.fosfory.pl\/wp-content\/uploads\/2024\/12\/modernizacja-komor-spalania-16x12.jpg 16w\" sizes=\"(max-width: 1200px) 100vw, 1200px\" \/>\t\t\t\t\t\t\t\t<\/a>\n\t\t\t\t\t\t\t\t\t\t\t\t\t\t\t<\/div>\n\t\t\t\t<\/div>\n\t\t\t\t\t<\/div>\n\t\t<\/div>\n\t\t\t\t\t<\/div>\n\t\t<\/section>\n\t\t\t\t<section class=\"elementor-section elementor-top-section elementor-element elementor-element-0d10582 elementor-section-boxed elementor-section-height-default elementor-section-height-default\" data-id=\"0d10582\" data-element_type=\"section\" data-e-type=\"section\" data-settings=\"{&quot;jet_parallax_layout_list&quot;:[]}\">\n\t\t\t\t\t\t<div class=\"elementor-container elementor-column-gap-default\">\n\t\t\t\t\t<div class=\"elementor-column elementor-col-50 elementor-top-column elementor-element elementor-element-f6af08f\" data-id=\"f6af08f\" data-element_type=\"column\" data-e-type=\"column\">\n\t\t\t<div class=\"elementor-widget-wrap\">\n\t\t\t\t\t\t\t<\/div>\n\t\t<\/div>\n\t\t\t\t<div class=\"elementor-column elementor-col-50 elementor-top-column elementor-element elementor-element-af43de1\" data-id=\"af43de1\" data-element_type=\"column\" data-e-type=\"column\">\n\t\t\t<div class=\"elementor-widget-wrap\">\n\t\t\t\t\t\t\t<\/div>\n\t\t<\/div>\n\t\t\t\t\t<\/div>\n\t\t<\/section>\n\t\t\t\t<\/div>","protected":false},"excerpt":{"rendered":"<p>Dofinansowanie ze \u015brodk\u00f3w WFO\u015aiGW w Gda\u0144sku Zadanie dofinansowane ze \u015brodk\u00f3w WFO\u015aiGW w Gda\u0144sku\u00a0\u00a0https:\/\/wfos.gdansk.pl\/ Nazwa zadania: Zmiana paliwa z oleju opa\u0142owego na gaz ziemny na Wydziale Produkcji Nawoz\u00f3w w Grupie Azoty Zak\u0142ady Fosforowe Gda\u0144sk Sp. z o.o. w Gda\u0144skuKoszt kwalifikowany zadania (w PLN): 9.887.568,00Kwota oraz forma dofinansowania ze \u015brodk\u00f3w WFO\u015aiGW w Gda\u0144sku (w PLN): po\u017cyczka, 7.910.054,40 [&hellip;]<\/p>\n","protected":false},"author":4,"featured_media":0,"parent":0,"menu_order":0,"comment_status":"closed","ping_status":"closed","template":"","meta":{"ocean_post_layout":"","ocean_both_sidebars_style":"","ocean_both_sidebars_content_width":0,"ocean_both_sidebars_sidebars_width":0,"ocean_sidebar":"0","ocean_second_sidebar":"0","ocean_disable_margins":"enable","ocean_add_body_class":"","ocean_shortcode_before_top_bar":"","ocean_shortcode_after_top_bar":"","ocean_shortcode_before_header":"","ocean_shortcode_after_header":"","ocean_has_shortcode":"","ocean_shortcode_after_title":"","ocean_shortcode_before_footer_widgets":"","ocean_shortcode_after_footer_widgets":"","ocean_shortcode_before_footer_bottom":"","ocean_shortcode_after_footer_bottom":"","ocean_display_top_bar":"default","ocean_display_header":"default","ocean_header_style":"","ocean_center_header_left_menu":"0","ocean_custom_header_template":"0","ocean_custom_logo":0,"ocean_custom_retina_logo":0,"ocean_custom_logo_max_width":0,"ocean_custom_logo_tablet_max_width":0,"ocean_custom_logo_mobile_max_width":0,"ocean_custom_logo_max_height":0,"ocean_custom_logo_tablet_max_height":0,"ocean_custom_logo_mobile_max_height":0,"ocean_header_custom_menu":"0","ocean_menu_typo_font_family":"0","ocean_menu_typo_font_subset":"","ocean_menu_typo_font_size":0,"ocean_menu_typo_font_size_tablet":0,"ocean_menu_typo_font_size_mobile":0,"ocean_menu_typo_font_size_unit":"px","ocean_menu_typo_font_weight":"","ocean_menu_typo_font_weight_tablet":"","ocean_menu_typo_font_weight_mobile":"","ocean_menu_typo_transform":"","ocean_menu_typo_transform_tablet":"","ocean_menu_typo_transform_mobile":"","ocean_menu_typo_line_height":0,"ocean_menu_typo_line_height_tablet":0,"ocean_menu_typo_line_height_mobile":0,"ocean_menu_typo_line_height_unit":"","ocean_menu_typo_spacing":0,"ocean_menu_typo_spacing_tablet":0,"ocean_menu_typo_spacing_mobile":0,"ocean_menu_typo_spacing_unit":"","ocean_menu_link_color":"","ocean_menu_link_color_hover":"","ocean_menu_link_color_active":"","ocean_menu_link_background":"","ocean_menu_link_hover_background":"","ocean_menu_link_active_background":"","ocean_menu_social_links_bg":"","ocean_menu_social_hover_links_bg":"","ocean_menu_social_links_color":"","ocean_menu_social_hover_links_color":"","ocean_disable_title":"default","ocean_disable_heading":"default","ocean_post_title":"","ocean_post_subheading":"","ocean_post_title_style":"","ocean_post_title_background_color":"","ocean_post_title_background":0,"ocean_post_title_bg_image_position":"","ocean_post_title_bg_image_attachment":"","ocean_post_title_bg_image_repeat":"","ocean_post_title_bg_image_size":"","ocean_post_title_height":0,"ocean_post_title_bg_overlay":0.5,"ocean_post_title_bg_overlay_color":"","ocean_disable_breadcrumbs":"default","ocean_breadcrumbs_color":"","ocean_breadcrumbs_separator_color":"","ocean_breadcrumbs_links_color":"","ocean_breadcrumbs_links_hover_color":"","ocean_display_footer_widgets":"default","ocean_display_footer_bottom":"default","ocean_custom_footer_template":"0","footnotes":""},"class_list":["post-5382","page","type-page","status-publish","hentry","entry"],"aioseo_notices":[],"_links":{"self":[{"href":"https:\/\/www.fosfory.pl\/uk\/wp-json\/wp\/v2\/pages\/5382","targetHints":{"allow":["GET"]}}],"collection":[{"href":"https:\/\/www.fosfory.pl\/uk\/wp-json\/wp\/v2\/pages"}],"about":[{"href":"https:\/\/www.fosfory.pl\/uk\/wp-json\/wp\/v2\/types\/page"}],"author":[{"embeddable":true,"href":"https:\/\/www.fosfory.pl\/uk\/wp-json\/wp\/v2\/users\/4"}],"replies":[{"embeddable":true,"href":"https:\/\/www.fosfory.pl\/uk\/wp-json\/wp\/v2\/comments?post=5382"}],"version-history":[{"count":1,"href":"https:\/\/www.fosfory.pl\/uk\/wp-json\/wp\/v2\/pages\/5382\/revisions"}],"predecessor-version":[{"id":5773,"href":"https:\/\/www.fosfory.pl\/uk\/wp-json\/wp\/v2\/pages\/5382\/revisions\/5773"}],"wp:attachment":[{"href":"https:\/\/www.fosfory.pl\/uk\/wp-json\/wp\/v2\/media?parent=5382"}],"curies":[{"name":"\u0412\u041f","href":"https:\/\/api.w.org\/{rel}","templated":true}]}}