{"id":5277,"date":"2024-11-04T12:07:14","date_gmt":"2024-11-04T11:07:14","guid":{"rendered":"https:\/\/www.fosfory.pl\/?page_id=5277"},"modified":"2024-11-04T13:08:05","modified_gmt":"2024-11-04T12:08:05","slug":"logo","status":"publish","type":"page","link":"https:\/\/www.fosfory.pl\/en\/logo\/","title":{"rendered":"Logo"},"content":{"rendered":"<div data-elementor-type=\"wp-page\" data-elementor-id=\"5277\" class=\"elementor elementor-5277\" data-elementor-post-type=\"page\">\n\t\t\t\t\t\t<section class=\"elementor-section elementor-top-section elementor-element elementor-element-cb5852e elementor-section-boxed elementor-section-height-default elementor-section-height-default\" data-id=\"cb5852e\" data-element_type=\"section\" data-e-type=\"section\" data-settings=\"{&quot;jet_parallax_layout_list&quot;:[],&quot;background_background&quot;:&quot;classic&quot;}\">\n\t\t\t\t\t\t<div class=\"elementor-container elementor-column-gap-default\">\n\t\t\t\t\t<div class=\"elementor-column elementor-col-33 elementor-top-column elementor-element elementor-element-ea5a15a\" data-id=\"ea5a15a\" data-element_type=\"column\" data-e-type=\"column\">\n\t\t\t<div class=\"elementor-widget-wrap\">\n\t\t\t\t\t\t\t<\/div>\n\t\t<\/div>\n\t\t\t\t<div class=\"elementor-column elementor-col-33 elementor-top-column elementor-element elementor-element-13b83a5\" data-id=\"13b83a5\" data-element_type=\"column\" data-e-type=\"column\">\n\t\t\t<div class=\"elementor-widget-wrap\">\n\t\t\t\t\t\t\t<\/div>\n\t\t<\/div>\n\t\t\t\t<div class=\"elementor-column elementor-col-33 elementor-top-column elementor-element elementor-element-51e82bf\" data-id=\"51e82bf\" data-element_type=\"column\" data-e-type=\"column\">\n\t\t\t<div class=\"elementor-widget-wrap elementor-element-populated\">\n\t\t\t\t\t\t<div class=\"elementor-element elementor-element-e46b72c elementor-widget elementor-widget-text-editor\" data-id=\"e46b72c\" data-element_type=\"widget\" data-e-type=\"widget\" data-widget_type=\"text-editor.default\">\n\t\t\t\t<div class=\"elementor-widget-container\">\n\t\t\t\t\t\t\t\t\t<p>.<\/p>\t\t\t\t\t\t\t\t<\/div>\n\t\t\t\t<\/div>\n\t\t\t\t\t<\/div>\n\t\t<\/div>\n\t\t\t\t\t<\/div>\n\t\t<\/section>\n\t\t\t\t<section class=\"elementor-section elementor-top-section elementor-element elementor-element-75f3d34 elementor-section-boxed elementor-section-height-default elementor-section-height-default\" data-id=\"75f3d34\" data-element_type=\"section\" data-e-type=\"section\" data-settings=\"{&quot;jet_parallax_layout_list&quot;:[]}\">\n\t\t\t\t\t\t<div class=\"elementor-container elementor-column-gap-default\">\n\t\t\t\t\t<div class=\"elementor-column elementor-col-100 elementor-top-column elementor-element elementor-element-3da039b\" data-id=\"3da039b\" data-element_type=\"column\" data-e-type=\"column\">\n\t\t\t<div class=\"elementor-widget-wrap\">\n\t\t\t\t\t\t\t<\/div>\n\t\t<\/div>\n\t\t\t\t\t<\/div>\n\t\t<\/section>\n\t\t\t\t<section class=\"elementor-section elementor-top-section elementor-element elementor-element-330e57c elementor-section-height-min-height elementor-section-boxed elementor-section-height-default elementor-section-items-middle\" data-id=\"330e57c\" data-element_type=\"section\" data-e-type=\"section\" data-settings=\"{&quot;jet_parallax_layout_list&quot;:[],&quot;background_background&quot;:&quot;classic&quot;}\">\n\t\t\t\t\t\t\t<div class=\"elementor-background-overlay\"><\/div>\n\t\t\t\t\t\t\t<div class=\"elementor-container elementor-column-gap-default\">\n\t\t\t\t\t<div class=\"elementor-column elementor-col-25 elementor-top-column elementor-element elementor-element-8debdc0\" data-id=\"8debdc0\" data-element_type=\"column\" data-e-type=\"column\">\n\t\t\t<div class=\"elementor-widget-wrap elementor-element-populated\">\n\t\t\t\t\t\t<div class=\"elementor-element elementor-element-acca97a elementor-widget__width-initial elementor-widget elementor-widget-heading\" data-id=\"acca97a\" data-element_type=\"widget\" data-e-type=\"widget\" data-widget_type=\"heading.default\">\n\t\t\t\t<div class=\"elementor-widget-container\">\n\t\t\t\t\t<h2 class=\"elementor-heading-title elementor-size-default\">LOGO<\/h2>\t\t\t\t<\/div>\n\t\t\t\t<\/div>\n\t\t\t\t\t<\/div>\n\t\t<\/div>\n\t\t\t\t<div class=\"elementor-column elementor-col-25 elementor-top-column elementor-element elementor-element-a7bea6d\" data-id=\"a7bea6d\" data-element_type=\"column\" data-e-type=\"column\">\n\t\t\t<div class=\"elementor-widget-wrap\">\n\t\t\t\t\t\t\t<\/div>\n\t\t<\/div>\n\t\t\t\t<div class=\"elementor-column elementor-col-25 elementor-top-column elementor-element elementor-element-d70723b\" data-id=\"d70723b\" data-element_type=\"column\" data-e-type=\"column\">\n\t\t\t<div class=\"elementor-widget-wrap\">\n\t\t\t\t\t\t\t<\/div>\n\t\t<\/div>\n\t\t\t\t<div class=\"elementor-column elementor-col-25 elementor-top-column elementor-element elementor-element-1868d6c\" data-id=\"1868d6c\" data-element_type=\"column\" data-e-type=\"column\">\n\t\t\t<div class=\"elementor-widget-wrap elementor-element-populated\">\n\t\t\t\t\t\t<div class=\"elementor-element elementor-element-7f7b3a1 elementor-widget__width-initial elementor-widget elementor-widget-image\" data-id=\"7f7b3a1\" data-element_type=\"widget\" data-e-type=\"widget\" data-widget_type=\"image.default\">\n\t\t\t\t<div class=\"elementor-widget-container\">\n\t\t\t\t\t\t\t\t\t\t\t\t\t\t\t<img decoding=\"async\" src=\"https:\/\/www.fosfory.pl\/wp-content\/uploads\/elementor\/thumbs\/ikonka-wytyczne-logo-qwk7js5a8raxgvt6fv10a6c17dmm4cd515w3h17xqo.png\" title=\"icon guideline logo\" alt=\"icon guideline logo\" loading=\"lazy\" \/>\t\t\t\t\t\t\t\t\t\t\t\t\t\t\t<\/div>\n\t\t\t\t<\/div>\n\t\t\t\t<div class=\"elementor-element elementor-element-79c3041 elementor-widget__width-initial elementor-widget elementor-widget-image\" data-id=\"79c3041\" data-element_type=\"widget\" data-e-type=\"widget\" data-widget_type=\"image.default\">\n\t\t\t\t<div class=\"elementor-widget-container\">\n\t\t\t\t\t\t\t\t\t\t\t\t\t\t\t<img decoding=\"async\" src=\"https:\/\/www.fosfory.pl\/wp-content\/uploads\/elementor\/thumbs\/ikonka-korzystanie-z-logo-qwk7ju0ymfdi43qg4vu9f5uye5dcjqklpf72fl55e8.png\" title=\"icon using the logo\" alt=\"icon using the logo\" loading=\"lazy\" \/>\t\t\t\t\t\t\t\t\t\t\t\t\t\t\t<\/div>\n\t\t\t\t<\/div>\n\t\t\t\t\t<\/div>\n\t\t<\/div>\n\t\t\t\t\t<\/div>\n\t\t<\/section>\n\t\t\t\t<section class=\"elementor-section elementor-top-section elementor-element elementor-element-f437afa elementor-section-boxed elementor-section-height-default elementor-section-height-default\" data-id=\"f437afa\" data-element_type=\"section\" data-e-type=\"section\" data-settings=\"{&quot;jet_parallax_layout_list&quot;:[]}\">\n\t\t\t\t\t\t<div class=\"elementor-container elementor-column-gap-default\">\n\t\t\t\t\t<div class=\"elementor-column elementor-col-100 elementor-top-column elementor-element elementor-element-747a342\" data-id=\"747a342\" data-element_type=\"column\" data-e-type=\"column\">\n\t\t\t<div class=\"elementor-widget-wrap elementor-element-populated\">\n\t\t\t\t\t\t<div class=\"elementor-element elementor-element-e90d827 elementor-widget-divider--view-line elementor-widget elementor-widget-divider\" data-id=\"e90d827\" data-element_type=\"widget\" data-e-type=\"widget\" data-widget_type=\"divider.default\">\n\t\t\t\t<div class=\"elementor-widget-container\">\n\t\t\t\t\t\t\t<div class=\"elementor-divider\">\n\t\t\t<span class=\"elementor-divider-separator\">\n\t\t\t\t\t\t<\/span>\n\t\t<\/div>\n\t\t\t\t\t\t<\/div>\n\t\t\t\t<\/div>\n\t\t\t\t\t<\/div>\n\t\t<\/div>\n\t\t\t\t\t<\/div>\n\t\t<\/section>\n\t\t\t\t<section class=\"elementor-section elementor-top-section elementor-element elementor-element-6d6d268 elementor-section-boxed elementor-section-height-default elementor-section-height-default\" data-id=\"6d6d268\" data-element_type=\"section\" data-e-type=\"section\" data-settings=\"{&quot;jet_parallax_layout_list&quot;:[]}\">\n\t\t\t\t\t\t<div class=\"elementor-container elementor-column-gap-default\">\n\t\t\t\t\t<div class=\"elementor-column elementor-col-50 elementor-top-column elementor-element elementor-element-9d3a843\" data-id=\"9d3a843\" data-element_type=\"column\" data-e-type=\"column\">\n\t\t\t<div class=\"elementor-widget-wrap\">\n\t\t\t\t\t\t\t<\/div>\n\t\t<\/div>\n\t\t\t\t<div class=\"elementor-column elementor-col-50 elementor-top-column elementor-element elementor-element-e6470d2\" data-id=\"e6470d2\" data-element_type=\"column\" data-e-type=\"column\">\n\t\t\t<div class=\"elementor-widget-wrap\">\n\t\t\t\t\t\t\t<\/div>\n\t\t<\/div>\n\t\t\t\t\t<\/div>\n\t\t<\/section>\n\t\t\t\t<section class=\"elementor-section elementor-top-section elementor-element elementor-element-e7fd696 elementor-section-boxed elementor-section-height-default elementor-section-height-default\" data-id=\"e7fd696\" data-element_type=\"section\" data-e-type=\"section\" data-settings=\"{&quot;jet_parallax_layout_list&quot;:[]}\">\n\t\t\t\t\t\t<div class=\"elementor-container elementor-column-gap-default\">\n\t\t\t\t\t<div class=\"elementor-column elementor-col-100 elementor-top-column elementor-element elementor-element-152eba5\" data-id=\"152eba5\" data-element_type=\"column\" data-e-type=\"column\">\n\t\t\t<div class=\"elementor-widget-wrap elementor-element-populated\">\n\t\t\t\t\t\t<div class=\"elementor-element elementor-element-8d1917f elementor-widget elementor-widget-text-editor\" data-id=\"8d1917f\" data-element_type=\"widget\" data-e-type=\"widget\" data-widget_type=\"text-editor.default\">\n\t\t\t\t<div class=\"elementor-widget-container\">\n\t\t\t\t\t\t\t\t\t<p class=\"MsoNormal\"><strong>EXTRACT FROM THE RULES FOR SHARING THE GRUPA AZOTY LOGO WITH EXTERNAL ENTITIES OUTSIDE THE GRUPA AZOTY CAPITAL GROUP<\/strong><\/p><p class=\"MsoNormal\">Entry<\/p><ol><li class=\"MsoNormal\">The purpose of these rules is to protect the Grupa Azoty trademarks against their use in a manner that is contrary to law or that violates the image and reputation and other personal and property rights of the Grupa Azoty Capital Group.<\/li><li class=\"MsoNormal\">Grupa Azoty SA is the owner and holds all copyrights and related rights to the Grupa Azoty logo. The logo is legally protected.<\/li><li class=\"MsoNormal\">Using the logo without the consent of Grupa Azoty SA entails liability under the law.<\/li><\/ol><p class=\"MsoNormal\"><strong>Use of the logo<\/strong><\/p><ol><li class=\"MsoNormal\">Only an entity that has obtained written consent may use the Grupa Azoty logo.<\/li><li class=\"MsoNormal\">The entity using the logo is obliged to comply with the rules of using the logo contained in the &quot;Logo Manual&quot; document and to publish the logo in accordance with the law and in a manner that is detrimental to the good name and image of the Grupa Azoty Capital Group.<\/li><\/ol><p class=\"MsoNormal\"><strong>Obtaining consent to use the logo<\/strong><\/p><ol><li class=\"MsoNormal\">Consent may be obtained by external entities that demonstrate a justified need to use the logo.<\/li><li class=\"MsoNormal\">To obtain permission to use the logo, please complete and sign the application, which can be obtained by sending a message to <a href=\"mailto:marka@grupaazoty.com\">marka@grupaazoty.com<\/a>.<\/li><li class=\"MsoNormal\">Free consent to use the logo is issued in writing and granted once, in the manner specified in the consent granted, for a specified period (maximum 3 years) with the possibility of later extension.<\/li><li class=\"MsoNormal\">Before using the logo, you must always submit a visualization of its use for approval by sending it to the following address:\u00a0<a href=\"mailto:marka@grupaazoty.com\">marka@grupaazoty.com<\/a>.<\/li><li class=\"MsoNormal\">Until the visualization is approved, the logo should not be used in any advertising or informational materials.<\/li><li class=\"MsoNormal\">In the event of any irregularities in the use of the logo, Grupa Azoty SA may withdraw consent and demand immediate cessation of the use of the logo, as well as payment of a contractual penalty. An application for the provision of the logo and detailed rules can be obtained by sending a message to the address\u00a0<a style=\"font-size: 14px; background-color: #ffffff;\" href=\"mailto:marka@grupaazoty.com\">marka@grupaazoty.com<\/a><span style=\"font-size: 14px; color: var( --e-global-color-text );\">. Also any\u00a0<\/span>Questions regarding obtaining consent and use of the logo should be directed to the above address.<\/li><\/ol><p>Information clause and more information on the website <a href=\"https:\/\/grupaazoty.com\/biuro-prasowe\/logo\">www.grupaazoty.com\u00a0<\/a><\/p>\t\t\t\t\t\t\t\t<\/div>\n\t\t\t\t<\/div>\n\t\t\t\t\t<\/div>\n\t\t<\/div>\n\t\t\t\t\t<\/div>\n\t\t<\/section>\n\t\t\t\t<section class=\"elementor-section elementor-top-section elementor-element elementor-element-720a11a elementor-section-boxed elementor-section-height-default elementor-section-height-default\" data-id=\"720a11a\" data-element_type=\"section\" data-e-type=\"section\" data-settings=\"{&quot;jet_parallax_layout_list&quot;:[]}\">\n\t\t\t\t\t\t<div class=\"elementor-container elementor-column-gap-default\">\n\t\t\t\t\t<div class=\"elementor-column elementor-col-100 elementor-top-column elementor-element elementor-element-214b74f\" data-id=\"214b74f\" data-element_type=\"column\" data-e-type=\"column\">\n\t\t\t<div class=\"elementor-widget-wrap elementor-element-populated\">\n\t\t\t\t\t\t<div class=\"elementor-element elementor-element-96f5620 elementor-widget-divider--view-line elementor-widget elementor-widget-divider\" data-id=\"96f5620\" data-element_type=\"widget\" data-e-type=\"widget\" data-widget_type=\"divider.default\">\n\t\t\t\t<div class=\"elementor-widget-container\">\n\t\t\t\t\t\t\t<div class=\"elementor-divider\">\n\t\t\t<span class=\"elementor-divider-separator\">\n\t\t\t\t\t\t<\/span>\n\t\t<\/div>\n\t\t\t\t\t\t<\/div>\n\t\t\t\t<\/div>\n\t\t\t\t\t<\/div>\n\t\t<\/div>\n\t\t\t\t\t<\/div>\n\t\t<\/section>\n\t\t\t\t<section class=\"elementor-section elementor-top-section elementor-element elementor-element-5c1b88c elementor-section-boxed elementor-section-height-default elementor-section-height-default\" data-id=\"5c1b88c\" data-element_type=\"section\" data-e-type=\"section\" data-settings=\"{&quot;jet_parallax_layout_list&quot;:[]}\">\n\t\t\t\t\t\t<div class=\"elementor-container elementor-column-gap-default\">\n\t\t\t\t\t<div class=\"elementor-column elementor-col-100 elementor-top-column elementor-element elementor-element-99772b6\" data-id=\"99772b6\" data-element_type=\"column\" data-e-type=\"column\">\n\t\t\t<div class=\"elementor-widget-wrap elementor-element-populated\">\n\t\t\t\t\t\t<div class=\"elementor-element elementor-element-f7e40ed elementor-widget elementor-widget-spacer\" data-id=\"f7e40ed\" data-element_type=\"widget\" data-e-type=\"widget\" data-widget_type=\"spacer.default\">\n\t\t\t\t<div class=\"elementor-widget-container\">\n\t\t\t\t\t\t\t<div class=\"elementor-spacer\">\n\t\t\t<div class=\"elementor-spacer-inner\"><\/div>\n\t\t<\/div>\n\t\t\t\t\t\t<\/div>\n\t\t\t\t<\/div>\n\t\t\t\t\t<\/div>\n\t\t<\/div>\n\t\t\t\t\t<\/div>\n\t\t<\/section>\n\t\t\t\t<section class=\"elementor-section elementor-top-section elementor-element elementor-element-61b9d4e elementor-section-boxed elementor-section-height-default elementor-section-height-default\" data-id=\"61b9d4e\" data-element_type=\"section\" data-e-type=\"section\" data-settings=\"{&quot;jet_parallax_layout_list&quot;:[]}\">\n\t\t\t\t\t\t<div class=\"elementor-container elementor-column-gap-default\">\n\t\t\t\t\t<div class=\"elementor-column elementor-col-100 elementor-top-column elementor-element elementor-element-58c7910\" data-id=\"58c7910\" data-element_type=\"column\" data-e-type=\"column\">\n\t\t\t<div class=\"elementor-widget-wrap\">\n\t\t\t\t\t\t\t<\/div>\n\t\t<\/div>\n\t\t\t\t\t<\/div>\n\t\t<\/section>\n\t\t\t\t<\/div>","protected":false},"excerpt":{"rendered":"<p>. LOGO WYCI\u0104G Z\u00a0ZASAD UDOST\u0118PNIENIA LOGO GRUPY AZOTY\u00a0PODMIOTOM ZEWN\u0118TRZNYM SPOZA GRUPY KAPITA\u0141OWEJ GRUPA AZOTY Wst\u0119p Celem sporz\u0105dzenia niniejszych zasad jest ochrona znak\u00f3w towarowych Grupy Azoty przed ich wykorzystaniem w spos\u00f3b sprzeczny z prawem lub naruszaj\u0105cy wizerunek i renom\u0119 oraz inne dobra osobiste i\u00a0maj\u0105tkowe Grupy Kapita\u0142owej Grupa Azoty. Grupa Azoty S.A. jest w\u0142a\u015bcicielem i posiada wszelkie [&hellip;]<\/p>\n","protected":false},"author":4,"featured_media":0,"parent":0,"menu_order":0,"comment_status":"closed","ping_status":"closed","template":"","meta":{"ocean_post_layout":"","ocean_both_sidebars_style":"","ocean_both_sidebars_content_width":0,"ocean_both_sidebars_sidebars_width":0,"ocean_sidebar":"0","ocean_second_sidebar":"0","ocean_disable_margins":"enable","ocean_add_body_class":"","ocean_shortcode_before_top_bar":"","ocean_shortcode_after_top_bar":"","ocean_shortcode_before_header":"","ocean_shortcode_after_header":"","ocean_has_shortcode":"","ocean_shortcode_after_title":"","ocean_shortcode_before_footer_widgets":"","ocean_shortcode_after_footer_widgets":"","ocean_shortcode_before_footer_bottom":"","ocean_shortcode_after_footer_bottom":"","ocean_display_top_bar":"default","ocean_display_header":"default","ocean_header_style":"","ocean_center_header_left_menu":"0","ocean_custom_header_template":"0","ocean_custom_logo":0,"ocean_custom_retina_logo":0,"ocean_custom_logo_max_width":0,"ocean_custom_logo_tablet_max_width":0,"ocean_custom_logo_mobile_max_width":0,"ocean_custom_logo_max_height":0,"ocean_custom_logo_tablet_max_height":0,"ocean_custom_logo_mobile_max_height":0,"ocean_header_custom_menu":"0","ocean_menu_typo_font_family":"0","ocean_menu_typo_font_subset":"","ocean_menu_typo_font_size":0,"ocean_menu_typo_font_size_tablet":0,"ocean_menu_typo_font_size_mobile":0,"ocean_menu_typo_font_size_unit":"px","ocean_menu_typo_font_weight":"","ocean_menu_typo_font_weight_tablet":"","ocean_menu_typo_font_weight_mobile":"","ocean_menu_typo_transform":"","ocean_menu_typo_transform_tablet":"","ocean_menu_typo_transform_mobile":"","ocean_menu_typo_line_height":0,"ocean_menu_typo_line_height_tablet":0,"ocean_menu_typo_line_height_mobile":0,"ocean_menu_typo_line_height_unit":"","ocean_menu_typo_spacing":0,"ocean_menu_typo_spacing_tablet":0,"ocean_menu_typo_spacing_mobile":0,"ocean_menu_typo_spacing_unit":"","ocean_menu_link_color":"","ocean_menu_link_color_hover":"","ocean_menu_link_color_active":"","ocean_menu_link_background":"","ocean_menu_link_hover_background":"","ocean_menu_link_active_background":"","ocean_menu_social_links_bg":"","ocean_menu_social_hover_links_bg":"","ocean_menu_social_links_color":"","ocean_menu_social_hover_links_color":"","ocean_disable_title":"default","ocean_disable_heading":"default","ocean_post_title":"","ocean_post_subheading":"","ocean_post_title_style":"","ocean_post_title_background_color":"","ocean_post_title_background":0,"ocean_post_title_bg_image_position":"","ocean_post_title_bg_image_attachment":"","ocean_post_title_bg_image_repeat":"","ocean_post_title_bg_image_size":"","ocean_post_title_height":0,"ocean_post_title_bg_overlay":0.5,"ocean_post_title_bg_overlay_color":"","ocean_disable_breadcrumbs":"default","ocean_breadcrumbs_color":"","ocean_breadcrumbs_separator_color":"","ocean_breadcrumbs_links_color":"","ocean_breadcrumbs_links_hover_color":"","ocean_display_footer_widgets":"default","ocean_display_footer_bottom":"default","ocean_custom_footer_template":"0","footnotes":""},"class_list":["post-5277","page","type-page","status-publish","hentry","entry"],"aioseo_notices":[],"_links":{"self":[{"href":"https:\/\/www.fosfory.pl\/en\/wp-json\/wp\/v2\/pages\/5277","targetHints":{"allow":["GET"]}}],"collection":[{"href":"https:\/\/www.fosfory.pl\/en\/wp-json\/wp\/v2\/pages"}],"about":[{"href":"https:\/\/www.fosfory.pl\/en\/wp-json\/wp\/v2\/types\/page"}],"author":[{"embeddable":true,"href":"https:\/\/www.fosfory.pl\/en\/wp-json\/wp\/v2\/users\/4"}],"replies":[{"embeddable":true,"href":"https:\/\/www.fosfory.pl\/en\/wp-json\/wp\/v2\/comments?post=5277"}],"version-history":[{"count":0,"href":"https:\/\/www.fosfory.pl\/en\/wp-json\/wp\/v2\/pages\/5277\/revisions"}],"wp:attachment":[{"href":"https:\/\/www.fosfory.pl\/en\/wp-json\/wp\/v2\/media?parent=5277"}],"curies":[{"name":"wp","href":"https:\/\/api.w.org\/{rel}","templated":true}]}}